{"id":142,"date":"2020-06-10T17:54:10","date_gmt":"2020-06-10T14:54:10","guid":{"rendered":"http:\/\/katauskiai.lt\/?page_id=142"},"modified":"2020-07-20T13:56:47","modified_gmt":"2020-07-20T10:56:47","slug":"apie-katauskius","status":"publish","type":"page","link":"https:\/\/katauskiai.lt\/?page_id=142","title":{"rendered":"Apie Katauskius"},"content":{"rendered":"\n<div class=\"wp-block-image\"><figure class=\"alignright size-large\"><img decoding=\"async\" loading=\"lazy\" width=\"306\" height=\"226\" src=\"https:\/\/katauskiai.lt\/wp-content\/uploads\/2020\/07\/Screenshot_1.jpg\" alt=\"\" class=\"wp-image-571\" srcset=\"https:\/\/katauskiai.lt\/wp-content\/uploads\/2020\/07\/Screenshot_1.jpg 306w, https:\/\/katauskiai.lt\/wp-content\/uploads\/2020\/07\/Screenshot_1-150x111.jpg 150w\" sizes=\"(max-width: 306px) 100vw, 306px\" \/><\/figure><\/div>\n\n\n\n<p><strong>Katauskiai<\/strong>\u00a0\u2013 kaimas Raseini\u0173 rajono savivaldyb\u0117s teritorijoje, prie kelio \u00a0148\u00a0 Raseiniai\u2013Tytuv\u0117nai\u2013Radvili\u0161kis\u00a0, 7\u00a0km \u012f pietvakarius nuo \u0160iluvos. Seni\u016bnaitijos centras. Yra biblioteka, Skaraiti\u0161k\u0117s pa\u0161tas (LT-60049).<strong><span class=\"has-inline-color has-very-dark-gray-color\"><\/span><span class=\"has-inline-color has-very-dark-gray-color\"><\/span><\/strong><\/p>\n","protected":false},"excerpt":{"rendered":"<p>Katauskiai\u00a0\u2013 kaimas Raseini\u0173 rajono savivaldyb\u0117s teritorijoje, prie kelio \u00a0148\u00a0 Raseiniai\u2013Tytuv\u0117nai\u2013Radvili\u0161kis\u00a0, 7\u00a0km \u012f pietvakarius nuo \u0160iluvos. Seni\u016bnaitijos centras. Yra biblioteka, Skaraiti\u0161k\u0117s pa\u0161tas (LT-60049).<\/p>\n","protected":false},"author":1,"featured_media":0,"parent":0,"menu_order":0,"comment_status":"closed","ping_status":"closed","template":"","meta":{"_monsterinsights_skip_tracking":false,"_monsterinsights_sitenote_active":false,"_monsterinsights_sitenote_note":"","_monsterinsights_sitenote_category":0},"aioseo_notices":[],"_links":{"self":[{"href":"https:\/\/katauskiai.lt\/index.php?rest_route=\/wp\/v2\/pages\/142"}],"collection":[{"href":"https:\/\/katauskiai.lt\/index.php?rest_route=\/wp\/v2\/pages"}],"about":[{"href":"https:\/\/katauskiai.lt\/index.php?rest_route=\/wp\/v2\/types\/page"}],"author":[{"embeddable":true,"href":"https:\/\/katauskiai.lt\/index.php?rest_route=\/wp\/v2\/users\/1"}],"replies":[{"embeddable":true,"href":"https:\/\/katauskiai.lt\/index.php?rest_route=%2Fwp%2Fv2%2Fcomments&post=142"}],"version-history":[{"count":14,"href":"https:\/\/katauskiai.lt\/index.php?rest_route=\/wp\/v2\/pages\/142\/revisions"}],"predecessor-version":[{"id":572,"href":"https:\/\/katauskiai.lt\/index.php?rest_route=\/wp\/v2\/pages\/142\/revisions\/572"}],"wp:attachment":[{"href":"https:\/\/katauskiai.lt\/index.php?rest_route=%2Fwp%2Fv2%2Fmedia&parent=142"}],"curies":[{"name":"wp","href":"https:\/\/api.w.org\/{rel}","templated":true}]}}