{"id":168,"date":"2020-06-11T06:53:38","date_gmt":"2020-06-11T03:53:38","guid":{"rendered":"http:\/\/katauskiai.lt\/?page_id=168"},"modified":"2020-07-20T13:59:53","modified_gmt":"2020-07-20T10:59:53","slug":"geografija","status":"publish","type":"page","link":"https:\/\/katauskiai.lt\/?page_id=168","title":{"rendered":"Geografija"},"content":{"rendered":"\n<div class=\"wp-block-image\"><figure class=\"alignright size-large is-resized\"><img decoding=\"async\" loading=\"lazy\" src=\"https:\/\/katauskiai.lt\/wp-content\/uploads\/2020\/07\/87984305_2797281963685307_5982994519702896640_n.jpg\" alt=\"\" class=\"wp-image-573\" width=\"269\" height=\"152\" srcset=\"https:\/\/katauskiai.lt\/wp-content\/uploads\/2020\/07\/87984305_2797281963685307_5982994519702896640_n.jpg 853w, https:\/\/katauskiai.lt\/wp-content\/uploads\/2020\/07\/87984305_2797281963685307_5982994519702896640_n-768x432.jpg 768w, https:\/\/katauskiai.lt\/wp-content\/uploads\/2020\/07\/87984305_2797281963685307_5982994519702896640_n-150x84.jpg 150w, https:\/\/katauskiai.lt\/wp-content\/uploads\/2020\/07\/87984305_2797281963685307_5982994519702896640_n-500x281.jpg 500w\" sizes=\"(max-width: 269px) 100vw, 269px\" \/><\/figure><\/div>\n\n\n\n<p>Katauskiai \u012fsik\u016br\u0119 Dubysos sl\u0117nio kairiajame krante, abipus Dubysos intako Melny\u010dravio, dalis kaimo priklauso Dubysos regioniniam parkui.<\/p>\n","protected":false},"excerpt":{"rendered":"<p>Katauskiai \u012fsik\u016br\u0119 Dubysos sl\u0117nio kairiajame krante, abipus Dubysos intako Melny\u010dravio, dalis kaimo priklauso Dubysos regioniniam parkui.<\/p>\n","protected":false},"author":1,"featured_media":0,"parent":0,"menu_order":0,"comment_status":"closed","ping_status":"closed","template":"","meta":{"_monsterinsights_skip_tracking":false,"_monsterinsights_sitenote_active":false,"_monsterinsights_sitenote_note":"","_monsterinsights_sitenote_category":0},"aioseo_notices":[],"_links":{"self":[{"href":"https:\/\/katauskiai.lt\/index.php?rest_route=\/wp\/v2\/pages\/168"}],"collection":[{"href":"https:\/\/katauskiai.lt\/index.php?rest_route=\/wp\/v2\/pages"}],"about":[{"href":"https:\/\/katauskiai.lt\/index.php?rest_route=\/wp\/v2\/types\/page"}],"author":[{"embeddable":true,"href":"https:\/\/katauskiai.lt\/index.php?rest_route=\/wp\/v2\/users\/1"}],"replies":[{"embeddable":true,"href":"https:\/\/katauskiai.lt\/index.php?rest_route=%2Fwp%2Fv2%2Fcomments&post=168"}],"version-history":[{"count":4,"href":"https:\/\/katauskiai.lt\/index.php?rest_route=\/wp\/v2\/pages\/168\/revisions"}],"predecessor-version":[{"id":574,"href":"https:\/\/katauskiai.lt\/index.php?rest_route=\/wp\/v2\/pages\/168\/revisions\/574"}],"wp:attachment":[{"href":"https:\/\/katauskiai.lt\/index.php?rest_route=%2Fwp%2Fv2%2Fmedia&parent=168"}],"curies":[{"name":"wp","href":"https:\/\/api.w.org\/{rel}","templated":true}]}}