{"id":170,"date":"2020-06-11T06:53:38","date_gmt":"2020-06-11T03:53:38","guid":{"rendered":"http:\/\/katauskiai.lt\/?page_id=170"},"modified":"2020-07-20T14:07:05","modified_gmt":"2020-07-20T11:07:05","slug":"istorija","status":"publish","type":"page","link":"https:\/\/katauskiai.lt\/?page_id=170","title":{"rendered":"Istorija"},"content":{"rendered":"\n<div class=\"wp-block-image\"><figure class=\"alignright size-large is-resized\"><img decoding=\"async\" loading=\"lazy\" src=\"https:\/\/katauskiai.lt\/wp-content\/uploads\/2020\/07\/Katauskiai_dvaras-scaled.jpg\" alt=\"\" class=\"wp-image-576\" width=\"232\" height=\"173\"\/><\/figure><\/div>\n\n\n\n<p>I\u0161lik\u0119 Katauski\u0173 dvaro sodybos fragmentai, koply\u010dia\u2013mauzoliejus, kumetynas, svirnas-ledain\u0117, svirnas, arklid\u0117s, tvartas. 1950\u20131993&nbsp;m. tarybinio \u016bkio centrin\u0117 gyvenviet\u0117. Pagrindin\u0117 mokykla 1957&nbsp;m. Velpesiuose \u012fsteigta septynmet\u0117 mokykla, 1964&nbsp;m. perkelta \u012f Katauskius, a\u0161tuonmet\u0117, devynmet\u0117, nuo 1993&nbsp;m. Katauski\u0173 pagrindin\u0117 mokykla, 2008&nbsp;m. u\u017edaryta, 2010&nbsp;m. pastatas parduodamas.<\/p>\n\n\n\n<div class=\"wp-block-image\"><figure class=\"alignright size-large is-resized\"><img decoding=\"async\" loading=\"lazy\" src=\"https:\/\/katauskiai.lt\/wp-content\/uploads\/2020\/07\/Katauskiai_koply\u010dia-scaled.jpg\" alt=\"\" class=\"wp-image-579\" width=\"233\" height=\"174\"\/><\/figure><\/div>\n\n\n\n<p>1959&nbsp;m. \u012fkurtas medicinos punktas, pa\u0161tas, 1971&nbsp;m.&nbsp;\u2013 biblioteka. Yra bendrov\u0117 \u201eRivaka\u201c, gaminanti baldus.<\/p>\n","protected":false},"excerpt":{"rendered":"<p>I\u0161lik\u0119 Katauski\u0173 dvaro sodybos fragmentai, koply\u010dia\u2013mauzoliejus, kumetynas, svirnas-ledain\u0117, svirnas, arklid\u0117s, tvartas. 1950\u20131993&nbsp;m. tarybinio \u016bkio centrin\u0117 gyvenviet\u0117. Pagrindin\u0117 mokykla 1957&nbsp;m. Velpesiuose \u012fsteigta septynmet\u0117 mokykla, 1964&nbsp;m. perkelta \u012f Katauskius, a\u0161tuonmet\u0117, devynmet\u0117, nuo 1993&nbsp;m. Katauski\u0173 pagrindin\u0117 mokykla, 2008&nbsp;m. u\u017edaryta, 2010&nbsp;m. pastatas parduodamas. 1959&nbsp;m. \u012fkurtas medicinos punktas, pa\u0161tas, 1971&nbsp;m.&nbsp;\u2013 biblioteka. Yra bendrov\u0117 \u201eRivaka\u201c, gaminanti baldus.<\/p>\n","protected":false},"author":1,"featured_media":0,"parent":0,"menu_order":0,"comment_status":"closed","ping_status":"closed","template":"","meta":{"_monsterinsights_skip_tracking":false,"_monsterinsights_sitenote_active":false,"_monsterinsights_sitenote_note":"","_monsterinsights_sitenote_category":0},"aioseo_notices":[],"_links":{"self":[{"href":"https:\/\/katauskiai.lt\/index.php?rest_route=\/wp\/v2\/pages\/170"}],"collection":[{"href":"https:\/\/katauskiai.lt\/index.php?rest_route=\/wp\/v2\/pages"}],"about":[{"href":"https:\/\/katauskiai.lt\/index.php?rest_route=\/wp\/v2\/types\/page"}],"author":[{"embeddable":true,"href":"https:\/\/katauskiai.lt\/index.php?rest_route=\/wp\/v2\/users\/1"}],"replies":[{"embeddable":true,"href":"https:\/\/katauskiai.lt\/index.php?rest_route=%2Fwp%2Fv2%2Fcomments&post=170"}],"version-history":[{"count":4,"href":"https:\/\/katauskiai.lt\/index.php?rest_route=\/wp\/v2\/pages\/170\/revisions"}],"predecessor-version":[{"id":584,"href":"https:\/\/katauskiai.lt\/index.php?rest_route=\/wp\/v2\/pages\/170\/revisions\/584"}],"wp:attachment":[{"href":"https:\/\/katauskiai.lt\/index.php?rest_route=%2Fwp%2Fv2%2Fmedia&parent=170"}],"curies":[{"name":"wp","href":"https:\/\/api.w.org\/{rel}","templated":true}]}}