{"id":171,"date":"2020-06-11T06:53:38","date_gmt":"2020-06-11T03:53:38","guid":{"rendered":"http:\/\/katauskiai.lt\/?page_id=171"},"modified":"2020-07-20T14:02:02","modified_gmt":"2020-07-20T11:02:02","slug":"katauskiu-dvaras","status":"publish","type":"page","link":"https:\/\/katauskiai.lt\/?page_id=171","title":{"rendered":"Katauski\u0173 Dvaras"},"content":{"rendered":"\n<div class=\"wp-block-image\"><figure class=\"alignright size-large is-resized\"><img decoding=\"async\" loading=\"lazy\" src=\"https:\/\/katauskiai.lt\/wp-content\/uploads\/2020\/07\/Katauskiai_dvaro_statinys-scaled.jpg\" alt=\"\" class=\"wp-image-575\" width=\"238\" height=\"178\"\/><\/figure><\/div>\n\n\n\n<p><strong>Katauski\u0173 dvaras<\/strong> \u2013 buvusio dvaro sodyba Katauskiuose, Raseini\u0173 rajone, netoli kelio &nbsp;148&nbsp; Raseiniai\u2013Tytuv\u0117nai\u2013Radvili\u0161kis&nbsp;, 7&nbsp;km \u012f pietvakarius nuo \u0160iluvos.<\/p>\n\n\n\n<p>Dvaro sodybos fragmentai yra Dubysos regioninio parko bei Lyduv\u0117n\u0173 kra\u0161tovaizd\u017eio draustinio teritorijose. Sodyba \u012ftraukta \u012f Kult\u016bros vertybi\u0173 registr\u0105 (unik. kodas 534).<\/p>\n\n\n\n<p>Sodyba yra privati nuosavyb\u0117. \u010cia i\u0161lik\u0119 koply\u010dia\u2013mauzoliejus (unik. kodas 12673), tvenkinys \u0161alia koplyt\u0117l\u0117s, akmens m\u016bro svirnas-ledain\u0117, tokio pat m\u016bro arklid\u0117, \u012fvairi\u0173 kit\u0173 statini\u0173 griuv\u0117siai. Koplyt\u0117l\u0117 su r\u016bsiu pastatyta 1835 m. R\u016bsyje buvo laidojami mirusieji. 2008 m. buvo i\u0161valytas koplyt\u0117l\u0117s vidus, perlaidoti r\u016bsyje rasti palaikai, sutvarkyta aplinka, atlikta koplyt\u0117l\u0117s i\u0161or\u0117s apdaila, pakeistos durys ir langai.<\/p>\n\n\n\n<h4><strong>Katauski\u0173 dvaro istorija<\/strong><\/h4>\n\n\n\n<div class=\"wp-block-image\"><figure class=\"alignright size-large is-resized\"><img decoding=\"async\" loading=\"lazy\" src=\"https:\/\/katauskiai.lt\/wp-content\/uploads\/2020\/07\/Katauskiai_dvaras-scaled.jpg\" alt=\"\" class=\"wp-image-576\" width=\"237\" height=\"176\"\/><\/figure><\/div>\n\n\n\n<p>Dvaras \u017einomas nuo 1584 m., nors Raseini\u0173 \u017eem\u0117s teismo knygose tada vadintas Padubysiu ir priklaus\u0117 Stanislovui Kotovskiui (Katauskiui). Pagal savinink\u0105 v\u0117liau prad\u0117tas vadinti ir dvaras, kad neb\u016bt\u0173 painiojams su kitais Padubysiais, kuri\u0173 Dubysos krantuose ne vienas. XIX a. jis jau minimas kaip Viktoro Korevo dvaro palivarkas. 1907 m. dvar\u0105 nusipirko Stanislovas ir Antanina Korzonai.<\/p>\n","protected":false},"excerpt":{"rendered":"<p>Katauski\u0173 dvaras \u2013 buvusio dvaro sodyba Katauskiuose, Raseini\u0173 rajone, netoli kelio &nbsp;148&nbsp; Raseiniai\u2013Tytuv\u0117nai\u2013Radvili\u0161kis&nbsp;, 7&nbsp;km \u012f pietvakarius nuo \u0160iluvos. Dvaro sodybos fragmentai yra Dubysos regioninio parko bei Lyduv\u0117n\u0173 kra\u0161tovaizd\u017eio draustinio teritorijose. Sodyba \u012ftraukta \u012f Kult\u016bros vertybi\u0173 registr\u0105 (unik. kodas 534). Sodyba yra privati nuosavyb\u0117. \u010cia i\u0161lik\u0119 koply\u010dia\u2013mauzoliejus (unik. kodas 12673), tvenkinys \u0161alia koplyt\u0117l\u0117s, akmens m\u016bro svirnas-ledain\u0117, &hellip; <\/p>\n<p class=\"link-more\"><a href=\"https:\/\/katauskiai.lt\/?page_id=171\" class=\"more-link\">Toliau skaityti<span class=\"screen-reader-text\"> &#8222;Katauski\u0173 Dvaras&#8221;<\/span><\/a><\/p>\n","protected":false},"author":1,"featured_media":0,"parent":0,"menu_order":0,"comment_status":"closed","ping_status":"closed","template":"","meta":{"_monsterinsights_skip_tracking":false,"_monsterinsights_sitenote_active":false,"_monsterinsights_sitenote_note":"","_monsterinsights_sitenote_category":0},"aioseo_notices":[],"_links":{"self":[{"href":"https:\/\/katauskiai.lt\/index.php?rest_route=\/wp\/v2\/pages\/171"}],"collection":[{"href":"https:\/\/katauskiai.lt\/index.php?rest_route=\/wp\/v2\/pages"}],"about":[{"href":"https:\/\/katauskiai.lt\/index.php?rest_route=\/wp\/v2\/types\/page"}],"author":[{"embeddable":true,"href":"https:\/\/katauskiai.lt\/index.php?rest_route=\/wp\/v2\/users\/1"}],"replies":[{"embeddable":true,"href":"https:\/\/katauskiai.lt\/index.php?rest_route=%2Fwp%2Fv2%2Fcomments&post=171"}],"version-history":[{"count":7,"href":"https:\/\/katauskiai.lt\/index.php?rest_route=\/wp\/v2\/pages\/171\/revisions"}],"predecessor-version":[{"id":578,"href":"https:\/\/katauskiai.lt\/index.php?rest_route=\/wp\/v2\/pages\/171\/revisions\/578"}],"wp:attachment":[{"href":"https:\/\/katauskiai.lt\/index.php?rest_route=%2Fwp%2Fv2%2Fmedia&parent=171"}],"curies":[{"name":"wp","href":"https:\/\/api.w.org\/{rel}","templated":true}]}}