{"id":245,"date":"2020-06-13T17:10:21","date_gmt":"2020-06-13T14:10:21","guid":{"rendered":"http:\/\/katauskiai.lt\/?page_id=245"},"modified":"2020-07-24T21:04:26","modified_gmt":"2020-07-24T18:04:26","slug":"herbas-veliava","status":"publish","type":"page","link":"https:\/\/katauskiai.lt\/?page_id=245","title":{"rendered":"Herbas, V\u0117liava"},"content":{"rendered":"\n<div class=\"wp-block-image\"><figure class=\"alignright size-large is-resized\"><img decoding=\"async\" loading=\"lazy\" src=\"https:\/\/katauskiai.lt\/wp-content\/uploads\/2020\/07\/Herbas.png\" alt=\"\" class=\"wp-image-635\" width=\"160\" height=\"192\" srcset=\"https:\/\/katauskiai.lt\/wp-content\/uploads\/2020\/07\/Herbas.png 208w, https:\/\/katauskiai.lt\/wp-content\/uploads\/2020\/07\/Herbas-150x180.png 150w\" sizes=\"(max-width: 160px) 100vw, 160px\" \/><\/figure><\/div>\n\n\n\n<p>Katauski\u0173 kaimo Herbas ir V\u0117liava turi savo spalvas ir simbolius.<\/p>\n\n\n\n<p>M\u0117lyna simbolizuoja up\u0119, geltona &#8211; saul\u0119, \u017ealia &#8211; lankas ir pievas.<\/p>\n\n\n\n<p>Koply\u010dia yra kaimo simbolis, nes j\u0105 pastat\u0117 pirmieji Katauski\u0173 dvaro ponai. Ratas simbolizuoja vandens mal\u016bn\u0105, kuris stov\u0117jo ant Dubysos kranto. M\u0117lyna juosta &#8211; tai dviej\u0173 upi\u0173 Melny\u010dravio ir Dubysos sankirta, kur \u012fsik\u016br\u0119s Katauski\u0173 kaimas.<\/p>\n\n\n\n<figure class=\"wp-block-image size-large\"><img decoding=\"async\" loading=\"lazy\" width=\"601\" height=\"536\" src=\"https:\/\/katauskiai.lt\/wp-content\/uploads\/2020\/07\/rsz_veliava.jpg\" alt=\"\" class=\"wp-image-667\" srcset=\"https:\/\/katauskiai.lt\/wp-content\/uploads\/2020\/07\/rsz_veliava.jpg 601w, https:\/\/katauskiai.lt\/wp-content\/uploads\/2020\/07\/rsz_veliava-150x134.jpg 150w, https:\/\/katauskiai.lt\/wp-content\/uploads\/2020\/07\/rsz_veliava-500x446.jpg 500w\" sizes=\"(max-width: 601px) 100vw, 601px\" \/><\/figure>\n","protected":false},"excerpt":{"rendered":"<p>Katauski\u0173 kaimo Herbas ir V\u0117liava turi savo spalvas ir simbolius. M\u0117lyna simbolizuoja up\u0119, geltona &#8211; saul\u0119, \u017ealia &#8211; lankas ir pievas. Koply\u010dia yra kaimo simbolis, nes j\u0105 pastat\u0117 pirmieji Katauski\u0173 dvaro ponai. Ratas simbolizuoja vandens mal\u016bn\u0105, kuris stov\u0117jo ant Dubysos kranto. M\u0117lyna juosta &#8211; tai dviej\u0173 upi\u0173 Melny\u010dravio ir Dubysos sankirta, kur \u012fsik\u016br\u0119s Katauski\u0173 kaimas.<\/p>\n","protected":false},"author":1,"featured_media":0,"parent":0,"menu_order":0,"comment_status":"closed","ping_status":"closed","template":"","meta":{"_monsterinsights_skip_tracking":false,"_monsterinsights_sitenote_active":false,"_monsterinsights_sitenote_note":"","_monsterinsights_sitenote_category":0},"aioseo_notices":[],"_links":{"self":[{"href":"https:\/\/katauskiai.lt\/index.php?rest_route=\/wp\/v2\/pages\/245"}],"collection":[{"href":"https:\/\/katauskiai.lt\/index.php?rest_route=\/wp\/v2\/pages"}],"about":[{"href":"https:\/\/katauskiai.lt\/index.php?rest_route=\/wp\/v2\/types\/page"}],"author":[{"embeddable":true,"href":"https:\/\/katauskiai.lt\/index.php?rest_route=\/wp\/v2\/users\/1"}],"replies":[{"embeddable":true,"href":"https:\/\/katauskiai.lt\/index.php?rest_route=%2Fwp%2Fv2%2Fcomments&post=245"}],"version-history":[{"count":8,"href":"https:\/\/katauskiai.lt\/index.php?rest_route=\/wp\/v2\/pages\/245\/revisions"}],"predecessor-version":[{"id":676,"href":"https:\/\/katauskiai.lt\/index.php?rest_route=\/wp\/v2\/pages\/245\/revisions\/676"}],"wp:attachment":[{"href":"https:\/\/katauskiai.lt\/index.php?rest_route=%2Fwp%2Fv2%2Fmedia&parent=245"}],"curies":[{"name":"wp","href":"https:\/\/api.w.org\/{rel}","templated":true}]}}