{"id":246,"date":"2020-06-13T17:10:21","date_gmt":"2020-06-13T14:10:21","guid":{"rendered":"http:\/\/katauskiai.lt\/?page_id=246"},"modified":"2020-07-20T15:24:33","modified_gmt":"2020-07-20T12:24:33","slug":"struktura-kontaktai","status":"publish","type":"page","link":"https:\/\/katauskiai.lt\/?page_id=246","title":{"rendered":"Strukt\u016bra, Kontaktai"},"content":{"rendered":"\n<figure class=\"wp-block-table\"><table><tbody><tr><td><\/td><td>\u012emon\u0117s kodas<\/td><td>172785144<\/td><\/tr><tr><td><\/td><td>Vadovas<\/td><td>Jonas Galinaitis, pirmininkas<\/td><\/tr><tr><td><\/td><td>Adresas<\/td><td>Koply\u010dios g. 2, Katauski\u0173 k., LT-60423 Raseini\u0173 r.<\/td><\/tr><tr><td><\/td><td>Telefonas<\/td><td><img decoding=\"async\" src=\"https:\/\/rekvizitai.vz.lt\/timages\/%3DxGZ1pmAttwZ0NPZ3ZmX.gif\" alt=\"Katauskiu Kaimo Bendruomene Telefonas\"><\/td><\/tr><tr><td><\/td><td>El. pa\u0161to adresas<\/td><td>jonasgalinaitis@gmail.com<\/td><\/tr><\/tbody><\/table><\/figure>\n","protected":false},"excerpt":{"rendered":"<p>\u012emon\u0117s kodas 172785144 Vadovas Jonas Galinaitis, pirmininkas Adresas Koply\u010dios g. 2, Katauski\u0173 k., LT-60423 Raseini\u0173 r. Telefonas El. pa\u0161to adresas jonasgalinaitis@gmail.com<\/p>\n","protected":false},"author":1,"featured_media":0,"parent":0,"menu_order":0,"comment_status":"closed","ping_status":"closed","template":"","meta":{"_monsterinsights_skip_tracking":false,"_monsterinsights_sitenote_active":false,"_monsterinsights_sitenote_note":"","_monsterinsights_sitenote_category":0},"aioseo_notices":[],"_links":{"self":[{"href":"https:\/\/katauskiai.lt\/index.php?rest_route=\/wp\/v2\/pages\/246"}],"collection":[{"href":"https:\/\/katauskiai.lt\/index.php?rest_route=\/wp\/v2\/pages"}],"about":[{"href":"https:\/\/katauskiai.lt\/index.php?rest_route=\/wp\/v2\/types\/page"}],"author":[{"embeddable":true,"href":"https:\/\/katauskiai.lt\/index.php?rest_route=\/wp\/v2\/users\/1"}],"replies":[{"embeddable":true,"href":"https:\/\/katauskiai.lt\/index.php?rest_route=%2Fwp%2Fv2%2Fcomments&post=246"}],"version-history":[{"count":3,"href":"https:\/\/katauskiai.lt\/index.php?rest_route=\/wp\/v2\/pages\/246\/revisions"}],"predecessor-version":[{"id":660,"href":"https:\/\/katauskiai.lt\/index.php?rest_route=\/wp\/v2\/pages\/246\/revisions\/660"}],"wp:attachment":[{"href":"https:\/\/katauskiai.lt\/index.php?rest_route=%2Fwp%2Fv2%2Fmedia&parent=246"}],"curies":[{"name":"wp","href":"https:\/\/api.w.org\/{rel}","templated":true}]}}