{"id":247,"date":"2020-06-13T17:10:21","date_gmt":"2020-06-13T14:10:21","guid":{"rendered":"http:\/\/katauskiai.lt\/?page_id=247"},"modified":"2020-07-24T21:13:55","modified_gmt":"2020-07-24T18:13:55","slug":"taryba","status":"publish","type":"page","link":"https:\/\/katauskiai.lt\/?page_id=247","title":{"rendered":"Taryba"},"content":{"rendered":"\n<p>Ataskaitini\u0173 rinkimini\u0173 susirinkim\u0173 metu, kurie vyksta kas trejus metus, yra renkama Katauski\u0173 kaimo bendruomen\u0117s taryba. Taryb\u0105 sudaro 10 tarybos nari\u0173, pirmininkas ir seni\u016bnaitis.<\/p>\n\n\n\n<figure class=\"wp-block-table\"><table><tbody><tr><td>Jonas Galinaitis<\/td><td>Pirmininkas<\/td><\/tr><tr><td>Gintautas Tamutis<\/td><td>Seni\u016bnaitis<\/td><\/tr><tr><td>Rita Tamutien\u0117<\/td><td>Pavaduotoja<\/td><\/tr><tr><td>Raimonda Straukien\u0117<\/td><td>Sekretor\u0117<\/td><\/tr><tr><td>Regina Valiolien\u0117<\/td><td>Buhalter\u0117<\/td><\/tr><tr><td>Jelena \u017dalpien\u0117<\/td><td>Kult\u016brin\u0117 veikla<\/td><\/tr><tr><td>Danut\u0117 \u017dakaitien\u0117<\/td><td>Straipsni\u0173 ra\u0161ymas<\/td><\/tr><tr><td>Juozas Rusas<\/td><td>\u016akin\u0117 veikla<\/td><\/tr><tr><td>Zuzana Maslauskien\u0117<\/td><td>\u016akin\u0117 veikla<\/td><\/tr><tr><td>Gintas Ju\u0161ka<\/td><td>\u016akin\u0117 veikla<\/td><\/tr><tr><td>Rasa Burinskien\u0117<\/td><td>\u016akin\u0117 veikla<\/td><\/tr><tr><td>Algis \u0160efleris<\/td><td>\u016akin\u0117 veikla<\/td><\/tr><\/tbody><\/table><\/figure>\n","protected":false},"excerpt":{"rendered":"<p>Ataskaitini\u0173 rinkimini\u0173 susirinkim\u0173 metu, kurie vyksta kas trejus metus, yra renkama Katauski\u0173 kaimo bendruomen\u0117s taryba. Taryb\u0105 sudaro 10 tarybos nari\u0173, pirmininkas ir seni\u016bnaitis. Jonas Galinaitis Pirmininkas Gintautas Tamutis Seni\u016bnaitis Rita Tamutien\u0117 Pavaduotoja Raimonda Straukien\u0117 Sekretor\u0117 Regina Valiolien\u0117 Buhalter\u0117 Jelena \u017dalpien\u0117 Kult\u016brin\u0117 veikla Danut\u0117 \u017dakaitien\u0117 Straipsni\u0173 ra\u0161ymas Juozas Rusas \u016akin\u0117 veikla Zuzana Maslauskien\u0117 \u016akin\u0117 veikla Gintas &hellip; <\/p>\n<p class=\"link-more\"><a href=\"https:\/\/katauskiai.lt\/?page_id=247\" class=\"more-link\">Toliau skaityti<span class=\"screen-reader-text\"> &#8222;Taryba&#8221;<\/span><\/a><\/p>\n","protected":false},"author":1,"featured_media":0,"parent":0,"menu_order":0,"comment_status":"closed","ping_status":"closed","template":"","meta":{"_monsterinsights_skip_tracking":false,"_monsterinsights_sitenote_active":false,"_monsterinsights_sitenote_note":"","_monsterinsights_sitenote_category":0},"aioseo_notices":[],"_links":{"self":[{"href":"https:\/\/katauskiai.lt\/index.php?rest_route=\/wp\/v2\/pages\/247"}],"collection":[{"href":"https:\/\/katauskiai.lt\/index.php?rest_route=\/wp\/v2\/pages"}],"about":[{"href":"https:\/\/katauskiai.lt\/index.php?rest_route=\/wp\/v2\/types\/page"}],"author":[{"embeddable":true,"href":"https:\/\/katauskiai.lt\/index.php?rest_route=\/wp\/v2\/users\/1"}],"replies":[{"embeddable":true,"href":"https:\/\/katauskiai.lt\/index.php?rest_route=%2Fwp%2Fv2%2Fcomments&post=247"}],"version-history":[{"count":5,"href":"https:\/\/katauskiai.lt\/index.php?rest_route=\/wp\/v2\/pages\/247\/revisions"}],"predecessor-version":[{"id":679,"href":"https:\/\/katauskiai.lt\/index.php?rest_route=\/wp\/v2\/pages\/247\/revisions\/679"}],"wp:attachment":[{"href":"https:\/\/katauskiai.lt\/index.php?rest_route=%2Fwp%2Fv2%2Fmedia&parent=247"}],"curies":[{"name":"wp","href":"https:\/\/api.w.org\/{rel}","templated":true}]}}