{"id":342,"date":"2020-07-12T17:19:20","date_gmt":"2020-07-12T14:19:20","guid":{"rendered":"http:\/\/katauskiai.lt\/?page_id=342"},"modified":"2020-07-20T13:54:02","modified_gmt":"2020-07-20T10:54:02","slug":"2014-2018-metai","status":"publish","type":"page","link":"https:\/\/katauskiai.lt\/?page_id=342","title":{"rendered":"2014-2018 metai"},"content":{"rendered":"\n<p>B\u016btent 2014 metais ir buvo u\u017ebaigtas \u012fgyvendinti VVG \u201eRaseini\u0173 kra\u0161to bendrija\u201c finansuojamas projektas, kurio d\u0117ka Katauski\u0173 kaimas \u012fgavo visai kitok\u012f estetin\u012f vaizd\u0105- i\u0161 pastato baisuoklio su kiauru stogu, Bendruomen\u0117s namai tapo kaimo ir vis\u0173 pro \u0161al\u012f va\u017eiuojan\u010di\u0173, vizitine kortele. Tokiuose namuose ir patiems jaukiau ir sve\u010di\u0105 pasikviesti ne g\u0117da. Bendruomen\u0117 toliau \u012fgyvendina projektus, keliauja, sportuoja, vysto kult\u016brin\u0119 veikl\u0105, nes kaip tik \u0161iame penkmetyje susib\u016br\u0117 moter\u0173 ansamblis \u201ePien\u0117\u201c ir \u0161oki\u0173 kolektyvas \u201eAtgaiva\u201c. Per pastaruosius metus \u017eymiai sustiprinta materialin\u0117 baz\u0117- bendruomen\u0117 \u012fsigijo dujin\u0119 virykl\u0119, \u0161aldytuv\u0105, garso kolon\u0117l\u0119, fotoaparat\u0105, didel\u0119 palapin\u0119 ir du komplektus tautini\u0173 r\u016bb\u0173. \u0160iais metais buvo prad\u0117tas \u012fgyvendinti projektas, kurio metu buvo atnaujinti takai, pastatyti suoleliai, \u012frengta vaik\u0173 \u017eaidimo aik\u0161tel\u0117.\u00a0<\/p>\n\n\n\n<div id=\"grid-gallery-13-58732\" data-gg-id=\"13\" data-title=\"2014-2018\" data-grid-type=\"0\" data-offset=\"5.3\" data-area-position=\"center\" data-icons=\"\" data-preloader=\"true\" data-width=\"215\" data-height=\"215\" data-padding=\"0\" data-quicksand=\"disabled\" data-quicksand-duration=\"1800\" data-popup-theme=\"theme_6\" data-popup-type=\"pretty-photo\" data-popup-image-text=\"data-description\" data-popup-widthsize=\"auto\" data-popup-heightsize=\"auto\" data-popup-i18n-words=\"{&quot;close&quot;:&quot;close&quot;,&quot;next&quot;:&quot;next&quot;,&quot;previous&quot;:&quot;previous&quot;,&quot;start_slideshow&quot;:&quot;start slideshow&quot;,&quot;stop_slideshow&quot;:&quot;stop slideshow&quot;,&quot;image&quot;:&quot;image&quot;,&quot;of&quot;:&quot;of&quot;,&quot;prev&quot;:&quot;prev&quot;,&quot;cExpand&quot;:&quot;Expand&quot;,&quot;cPrevious&quot;:&quot;Previous&quot;,&quot;cNext&quot;:&quot;Next&quot;,&quot;cExpandStr&quot;:&quot;Expand the image&quot;,&quot;cRotate&quot;:&quot;Rotate&quot;,&quot;cDetails&quot;:&quot;Details&quot;}\" data-popup-slideshow=\"false\" data-popup-slideshow-speed=\"2500\" data-popup-hoverstop=\"true\" data-popup-slideshow-auto=\"false\" data-popup-background=\"\" data-popup-transparency=\"30\" data-popup-disable-history=\"\" data-popup-disable-changed-url=\"\" data-popup-border-type=\"\" data-popup-border-color=\"\" data-popup-border-width=\"\" data-popup-border-enable=\"\" data-fullscreen=\"false\" data-hide-tooltip=\"false\" data-caption-font-family=\"Default\" data-caption-text-size=\"140\" data-is-mobile=\"0\" data-caption-mobile=\"false\" data-hide-long-tltp-title=\"0\" data-caption-disabled-on-mobile=\"false\" data-popup-placement-type=\"0\" data-social-sharing=\"{&quot;enabled&quot;:&quot;&quot;,&quot;gallerySharing&quot;:{&quot;enabled&quot;:null,&quot;position&quot;:null},&quot;imageSharing&quot;:{&quot;enabled&quot;:null,&quot;wrapperClass&quot;:&quot; vertical &quot;},&quot;popupSharing&quot;:{&quot;enabled&quot;:null,&quot;wrapperClass&quot;:&quot; vertical &quot;}}\" class=\"grid-gallery grid-gallery-fixed \" style=\" width:100%; height:auto; margin-left:auto; margin-right:auto;position:relative;\"> <div class=\"gallery-loading\"> <div class=\"blocks\"> <div class=\"block\"><\/div> <div class=\"block\"><\/div> <div class=\"block\"><\/div> <div class=\"block\"><\/div> <\/div> <\/div> <div class=\"gallery-sharing-top\" style=\"display:none;\"> <\/div> <div id=\"photos-13\" class=\"grid-gallery-photos\"><FIGURE class=\"grid-gallery-caption\" data-grid-gallery-type=\"quarter-slide-up\" data-index=\"0\" style=\"display:none;border-radius:00;; margin:5.3px; width:2150;\" ><div class=\"crop\" style=\" width:2150; height:2150; overflow:hidden;\"><img src=\"http:\/\/katauskiai.lt\/wp-content\/uploads\/2020\/07\/1-2-215x215.jpg\" class=\"ggImg\" alt=\"1\" title=\"1\" data-description=\"1\" data-caption=\"1\" data-title=\"1\" style=\" width:215px; height:215px;\" \/><\/div><FIGCAPTION class=\"\" data-alpha=\"5\" style=\"color:#ffffff; background-color:#6f0000; font-size:140; text-align:2; font-family:Default;\" ><div class=\"grid-gallery-figcaption-wrap\" style=\"\"><\/div><\/FIGCAPTION><\/FIGURE><FIGURE class=\"grid-gallery-caption\" data-grid-gallery-type=\"quarter-slide-up\" data-index=\"1\" style=\"display:none;border-radius:00;; margin:5.3px; width:2150;\" ><div class=\"crop\" style=\" width:2150; height:2150; overflow:hidden;\"><img src=\"http:\/\/katauskiai.lt\/wp-content\/uploads\/2020\/07\/2-2-215x215.jpg\" class=\"ggImg\" alt=\"2\" title=\"2\" data-description=\"2\" data-caption=\"2\" data-title=\"2\" style=\" width:215px; height:215px;\" \/><\/div><FIGCAPTION class=\"\" data-alpha=\"5\" style=\"color:#ffffff; background-color:#6f0000; font-size:140; text-align:2; font-family:Default;\" ><div class=\"grid-gallery-figcaption-wrap\" style=\"\"><\/div><\/FIGCAPTION><\/FIGURE><FIGURE class=\"grid-gallery-caption\" data-grid-gallery-type=\"quarter-slide-up\" data-index=\"2\" style=\"display:none;border-radius:00;; margin:5.3px; width:2150;\" ><div class=\"crop\" style=\" width:2150; height:2150; overflow:hidden;\"><img src=\"http:\/\/katauskiai.lt\/wp-content\/uploads\/2020\/07\/3-2-215x215.jpg\" class=\"ggImg\" alt=\"3\" title=\"3\" data-description=\"3\" data-caption=\"3\" data-title=\"3\" style=\" width:215px; height:215px;\" \/><\/div><FIGCAPTION class=\"\" data-alpha=\"5\" style=\"color:#ffffff; background-color:#6f0000; font-size:140; text-align:2; font-family:Default;\" ><div class=\"grid-gallery-figcaption-wrap\" style=\"\"><\/div><\/FIGCAPTION><\/FIGURE><FIGURE class=\"grid-gallery-caption\" data-grid-gallery-type=\"quarter-slide-up\" data-index=\"3\" style=\"display:none;border-radius:00;; margin:5.3px; width:2150;\" ><div class=\"crop\" style=\" width:2150; height:2150; overflow:hidden;\"><img src=\"http:\/\/katauskiai.lt\/wp-content\/uploads\/2020\/07\/4-2-215x215.jpg\" class=\"ggImg\" alt=\"4\" title=\"4\" data-description=\"4\" data-caption=\"4\" data-title=\"4\" style=\" width:215px; height:215px;\" \/><\/div><FIGCAPTION class=\"\" data-alpha=\"5\" style=\"color:#ffffff; background-color:#6f0000; font-size:140; text-align:2; font-family:Default;\" ><div class=\"grid-gallery-figcaption-wrap\" style=\"\"><\/div><\/FIGCAPTION><\/FIGURE><FIGURE class=\"grid-gallery-caption\" data-grid-gallery-type=\"quarter-slide-up\" data-index=\"4\" style=\"display:none;border-radius:00;; margin:5.3px; width:2150;\" ><div class=\"crop\" style=\" width:2150; height:2150; overflow:hidden;\"><img src=\"http:\/\/katauskiai.lt\/wp-content\/uploads\/2020\/07\/5-2-215x215.jpg\" class=\"ggImg\" alt=\"5\" title=\"5\" data-description=\"5\" data-caption=\"5\" data-title=\"5\" style=\" width:215px; height:215px;\" \/><\/div><FIGCAPTION class=\"\" data-alpha=\"5\" style=\"color:#ffffff; background-color:#6f0000; font-size:140; text-align:2; font-family:Default;\" ><div class=\"grid-gallery-figcaption-wrap\" style=\"\"><\/div><\/FIGCAPTION><\/FIGURE><FIGURE class=\"grid-gallery-caption\" data-grid-gallery-type=\"quarter-slide-up\" data-index=\"5\" style=\"display:none;border-radius:00;; margin:5.3px; width:2150;\" ><div class=\"crop\" style=\" width:2150; height:2150; overflow:hidden;\"><img src=\"http:\/\/katauskiai.lt\/wp-content\/uploads\/2020\/07\/6-2-215x215.jpg\" class=\"ggImg\" alt=\"6\" title=\"6\" data-description=\"6\" data-caption=\"6\" data-title=\"6\" style=\" width:215px; height:215px;\" \/><\/div><FIGCAPTION class=\"\" data-alpha=\"5\" style=\"color:#ffffff; background-color:#6f0000; font-size:140; text-align:2; font-family:Default;\" ><div class=\"grid-gallery-figcaption-wrap\" style=\"\"><\/div><\/FIGCAPTION><\/FIGURE><FIGURE class=\"grid-gallery-caption\" data-grid-gallery-type=\"quarter-slide-up\" data-index=\"6\" style=\"display:none;border-radius:00;; margin:5.3px; width:2150;\" ><div class=\"crop\" style=\" width:2150; height:2150; overflow:hidden;\"><img src=\"http:\/\/katauskiai.lt\/wp-content\/uploads\/2020\/07\/7-2-215x215.jpg\" class=\"ggImg\" alt=\"7\" title=\"7\" data-description=\"7\" data-caption=\"7\" data-title=\"7\" style=\" width:215px; height:215px;\" \/><\/div><FIGCAPTION class=\"\" data-alpha=\"5\" style=\"color:#ffffff; background-color:#6f0000; font-size:140; text-align:2; font-family:Default;\" ><div class=\"grid-gallery-figcaption-wrap\" style=\"\"><\/div><\/FIGCAPTION><\/FIGURE><FIGURE class=\"grid-gallery-caption\" data-grid-gallery-type=\"quarter-slide-up\" data-index=\"7\" style=\"display:none;border-radius:00;; margin:5.3px; width:2150;\" ><div class=\"crop\" style=\" width:2150; height:2150; overflow:hidden;\"><img src=\"http:\/\/katauskiai.lt\/wp-content\/uploads\/2020\/07\/8-2-215x215.jpg\" class=\"ggImg\" alt=\"8\" title=\"8\" data-description=\"8\" data-caption=\"8\" data-title=\"8\" style=\" width:215px; height:215px;\" \/><\/div><FIGCAPTION class=\"\" data-alpha=\"5\" style=\"color:#ffffff; background-color:#6f0000; font-size:140; text-align:2; font-family:Default;\" ><div class=\"grid-gallery-figcaption-wrap\" style=\"\"><\/div><\/FIGCAPTION><\/FIGURE><FIGURE class=\"grid-gallery-caption\" data-grid-gallery-type=\"quarter-slide-up\" data-index=\"8\" style=\"display:none;border-radius:00;; margin:5.3px; width:2150;\" ><div class=\"crop\" style=\" width:2150; height:2150; overflow:hidden;\"><img src=\"http:\/\/katauskiai.lt\/wp-content\/uploads\/2020\/07\/9-2-215x215.jpg\" class=\"ggImg\" alt=\"9\" title=\"9\" data-description=\"9\" data-caption=\"9\" data-title=\"9\" style=\" width:215px; height:215px;\" \/><\/div><FIGCAPTION class=\"\" data-alpha=\"5\" style=\"color:#ffffff; background-color:#6f0000; font-size:140; text-align:2; font-family:Default;\" ><div class=\"grid-gallery-figcaption-wrap\" style=\"\"><\/div><\/FIGCAPTION><\/FIGURE><FIGURE class=\"grid-gallery-caption\" data-grid-gallery-type=\"quarter-slide-up\" data-index=\"9\" style=\"display:none;border-radius:00;; margin:5.3px; width:2150;\" ><div class=\"crop\" style=\" width:2150; height:2150; overflow:hidden;\"><img src=\"http:\/\/katauskiai.lt\/wp-content\/uploads\/2020\/07\/10-2-215x215.jpg\" class=\"ggImg\" alt=\"10\" title=\"10\" data-description=\"10\" data-caption=\"10\" data-title=\"10\" style=\" width:215px; height:215px;\" \/><\/div><FIGCAPTION class=\"\" data-alpha=\"5\" style=\"color:#ffffff; background-color:#6f0000; font-size:140; text-align:2; font-family:Default;\" ><div class=\"grid-gallery-figcaption-wrap\" style=\"\"><\/div><\/FIGCAPTION><\/FIGURE><FIGURE class=\"grid-gallery-caption\" data-grid-gallery-type=\"quarter-slide-up\" data-index=\"10\" style=\"display:none;border-radius:00;; margin:5.3px; width:2150;\" ><div class=\"crop\" style=\" width:2150; height:2150; overflow:hidden;\"><img src=\"http:\/\/katauskiai.lt\/wp-content\/uploads\/2020\/07\/11-2-215x215.jpg\" class=\"ggImg\" alt=\"11\" title=\"11\" data-description=\"11\" data-caption=\"11\" data-title=\"11\" style=\" width:215px; height:215px;\" \/><\/div><FIGCAPTION class=\"\" data-alpha=\"5\" style=\"color:#ffffff; background-color:#6f0000; font-size:140; text-align:2; font-family:Default;\" ><div class=\"grid-gallery-figcaption-wrap\" style=\"\"><\/div><\/FIGCAPTION><\/FIGURE><FIGURE class=\"grid-gallery-caption\" data-grid-gallery-type=\"quarter-slide-up\" data-index=\"11\" style=\"display:none;border-radius:00;; margin:5.3px; width:2150;\" ><div class=\"crop\" style=\" width:2150; height:2150; overflow:hidden;\"><img src=\"http:\/\/katauskiai.lt\/wp-content\/uploads\/2020\/07\/12-2-215x215.jpg\" class=\"ggImg\" alt=\"12\" title=\"12\" data-description=\"12\" data-caption=\"12\" data-title=\"12\" style=\" width:215px; height:215px;\" \/><\/div><FIGCAPTION class=\"\" data-alpha=\"5\" style=\"color:#ffffff; background-color:#6f0000; font-size:140; text-align:2; font-family:Default;\" ><div class=\"grid-gallery-figcaption-wrap\" style=\"\"><\/div><\/FIGCAPTION><\/FIGURE><FIGURE class=\"grid-gallery-caption\" data-grid-gallery-type=\"quarter-slide-up\" data-index=\"12\" style=\"display:none;border-radius:00;; margin:5.3px; width:2150;\" ><div class=\"crop\" style=\" width:2150; height:2150; overflow:hidden;\"><img src=\"http:\/\/katauskiai.lt\/wp-content\/uploads\/2020\/07\/13-2-215x215.jpg\" class=\"ggImg\" alt=\"13\" title=\"13\" data-description=\"13\" data-caption=\"13\" data-title=\"13\" style=\" width:215px; height:215px;\" \/><\/div><FIGCAPTION class=\"\" data-alpha=\"5\" style=\"color:#ffffff; background-color:#6f0000; font-size:140; text-align:2; font-family:Default;\" ><div class=\"grid-gallery-figcaption-wrap\" style=\"\"><\/div><\/FIGCAPTION><\/FIGURE><FIGURE class=\"grid-gallery-caption\" data-grid-gallery-type=\"quarter-slide-up\" data-index=\"13\" style=\"display:none;border-radius:00;; margin:5.3px; width:2150;\" ><div class=\"crop\" style=\" width:2150; height:2150; overflow:hidden;\"><img src=\"http:\/\/katauskiai.lt\/wp-content\/uploads\/2020\/07\/14-2-215x215.jpg\" class=\"ggImg\" alt=\"14\" title=\"14\" data-description=\"14\" data-caption=\"14\" data-title=\"14\" style=\" width:215px; height:215px;\" \/><\/div><FIGCAPTION class=\"\" data-alpha=\"5\" style=\"color:#ffffff; background-color:#6f0000; font-size:140; text-align:2; font-family:Default;\" ><div class=\"grid-gallery-figcaption-wrap\" style=\"\"><\/div><\/FIGCAPTION><\/FIGURE><FIGURE class=\"grid-gallery-caption\" data-grid-gallery-type=\"quarter-slide-up\" data-index=\"14\" style=\"display:none;border-radius:00;; margin:5.3px; width:2150;\" ><div class=\"crop\" style=\" width:2150; height:2150; overflow:hidden;\"><img src=\"http:\/\/katauskiai.lt\/wp-content\/uploads\/2020\/07\/15-2-215x215.jpg\" class=\"ggImg\" alt=\"15\" title=\"15\" data-description=\"15\" data-caption=\"15\" data-title=\"15\" style=\" width:215px; height:215px;\" \/><\/div><FIGCAPTION class=\"\" data-alpha=\"5\" style=\"color:#ffffff; background-color:#6f0000; font-size:140; text-align:2; font-family:Default;\" ><div class=\"grid-gallery-figcaption-wrap\" style=\"\"><\/div><\/FIGCAPTION><\/FIGURE><FIGURE class=\"grid-gallery-caption\" data-grid-gallery-type=\"quarter-slide-up\" data-index=\"15\" style=\"display:none;border-radius:00;; margin:5.3px; width:2150;\" ><div class=\"crop\" style=\" width:2150; height:2150; overflow:hidden;\"><img src=\"http:\/\/katauskiai.lt\/wp-content\/uploads\/2020\/07\/16-2-215x215.jpg\" class=\"ggImg\" alt=\"16\" title=\"16\" data-description=\"16\" data-caption=\"16\" data-title=\"16\" style=\" width:215px; height:215px;\" \/><\/div><FIGCAPTION class=\"\" data-alpha=\"5\" style=\"color:#ffffff; background-color:#6f0000; font-size:140; text-align:2; font-family:Default;\" ><div class=\"grid-gallery-figcaption-wrap\" style=\"\"><\/div><\/FIGCAPTION><\/FIGURE><FIGURE class=\"grid-gallery-caption\" data-grid-gallery-type=\"quarter-slide-up\" data-index=\"16\" style=\"display:none;border-radius:00;; margin:5.3px; width:2150;\" ><div class=\"crop\" style=\" width:2150; height:2150; overflow:hidden;\"><img src=\"http:\/\/katauskiai.lt\/wp-content\/uploads\/2020\/07\/17-2-215x215.jpg\" class=\"ggImg\" alt=\"17\" title=\"17\" data-description=\"17\" data-caption=\"17\" data-title=\"17\" style=\" width:215px; height:215px;\" \/><\/div><FIGCAPTION class=\"\" data-alpha=\"5\" style=\"color:#ffffff; background-color:#6f0000; font-size:140; text-align:2; font-family:Default;\" ><div class=\"grid-gallery-figcaption-wrap\" style=\"\"><\/div><\/FIGCAPTION><\/FIGURE><FIGURE class=\"grid-gallery-caption\" data-grid-gallery-type=\"quarter-slide-up\" data-index=\"17\" style=\"display:none;border-radius:00;; margin:5.3px; width:2150;\" ><div class=\"crop\" style=\" width:2150; height:2150; overflow:hidden;\"><img src=\"http:\/\/katauskiai.lt\/wp-content\/uploads\/2020\/07\/18-2-215x215.jpg\" class=\"ggImg\" alt=\"18\" title=\"18\" data-description=\"18\" data-caption=\"18\" data-title=\"18\" style=\" width:215px; height:215px;\" \/><\/div><FIGCAPTION class=\"\" data-alpha=\"5\" style=\"color:#ffffff; background-color:#6f0000; font-size:140; text-align:2; font-family:Default;\" ><div class=\"grid-gallery-figcaption-wrap\" style=\"\"><\/div><\/FIGCAPTION><\/FIGURE><FIGURE class=\"grid-gallery-caption\" data-grid-gallery-type=\"quarter-slide-up\" data-index=\"18\" style=\"display:none;border-radius:00;; margin:5.3px; width:2150;\" ><div class=\"crop\" style=\" width:2150; height:2150; overflow:hidden;\"><img src=\"http:\/\/katauskiai.lt\/wp-content\/uploads\/2020\/07\/19-2-215x215.jpg\" class=\"ggImg\" alt=\"19\" title=\"19\" data-description=\"19\" data-caption=\"19\" data-title=\"19\" style=\" width:215px; height:215px;\" \/><\/div><FIGCAPTION class=\"\" data-alpha=\"5\" style=\"color:#ffffff; background-color:#6f0000; font-size:140; text-align:2; font-family:Default;\" ><div class=\"grid-gallery-figcaption-wrap\" style=\"\"><\/div><\/FIGCAPTION><\/FIGURE><FIGURE class=\"grid-gallery-caption\" data-grid-gallery-type=\"quarter-slide-up\" data-index=\"19\" style=\"display:none;border-radius:00;; margin:5.3px; width:2150;\" ><div class=\"crop\" style=\" width:2150; height:2150; overflow:hidden;\"><img src=\"http:\/\/katauskiai.lt\/wp-content\/uploads\/2020\/07\/20-2-215x215.jpg\" class=\"ggImg\" alt=\"20\" title=\"20\" data-description=\"20\" data-caption=\"20\" data-title=\"20\" style=\" width:215px; height:215px;\" \/><\/div><FIGCAPTION class=\"\" data-alpha=\"5\" style=\"color:#ffffff; background-color:#6f0000; font-size:140; text-align:2; font-family:Default;\" ><div class=\"grid-gallery-figcaption-wrap\" style=\"\"><\/div><\/FIGCAPTION><\/FIGURE><FIGURE class=\"grid-gallery-caption\" data-grid-gallery-type=\"quarter-slide-up\" data-index=\"20\" style=\"display:none;border-radius:00;; margin:5.3px; width:2150;\" ><div class=\"crop\" style=\" width:2150; height:2150; overflow:hidden;\"><img src=\"http:\/\/katauskiai.lt\/wp-content\/uploads\/2020\/07\/21-2-215x215.jpg\" class=\"ggImg\" alt=\"21\" title=\"21\" data-description=\"21\" data-caption=\"21\" data-title=\"21\" style=\" width:215px; height:215px;\" \/><\/div><FIGCAPTION class=\"\" data-alpha=\"5\" style=\"color:#ffffff; background-color:#6f0000; font-size:140; text-align:2; font-family:Default;\" ><div class=\"grid-gallery-figcaption-wrap\" style=\"\"><\/div><\/FIGCAPTION><\/FIGURE> <div class=\"grid-gallery-clearfix\"><\/div> <\/div> <div class=\"gallery-sharing-bottom\" style=\"display:none;\"> <\/div> <div class=\"gallery-sharing-image\" style=\"display:none;\"> <\/div> <div class=\"gallery-sharing-popup\" style=\"display:none;\"> <\/div> <div class=\"grid-gallery-clearfix\"><\/div> <\/div> <!-- Gallery by Supsystic plugin1.15.33 --><a title=\"Gallery Wordpress\" style=\"display:none;\" href=\"https:\/\/supsystic.com\/plugins\/photo-gallery\/?utm_medium=love_link\" target=\"_blank\">Gallery Wordpress<\/a>\n","protected":false},"excerpt":{"rendered":"<p>B\u016btent 2014 metais ir buvo u\u017ebaigtas \u012fgyvendinti VVG \u201eRaseini\u0173 kra\u0161to bendrija\u201c finansuojamas projektas, kurio d\u0117ka Katauski\u0173 kaimas \u012fgavo visai kitok\u012f estetin\u012f vaizd\u0105- i\u0161 pastato baisuoklio su kiauru stogu, Bendruomen\u0117s namai tapo kaimo ir vis\u0173 pro \u0161al\u012f va\u017eiuojan\u010di\u0173, vizitine kortele. Tokiuose namuose ir patiems jaukiau ir sve\u010di\u0105 pasikviesti ne g\u0117da. Bendruomen\u0117 toliau \u012fgyvendina projektus, keliauja, sportuoja, &hellip; <\/p>\n<p class=\"link-more\"><a href=\"https:\/\/katauskiai.lt\/?page_id=342\" class=\"more-link\">Toliau skaityti<span class=\"screen-reader-text\"> &#8222;2014-2018 metai&#8221;<\/span><\/a><\/p>\n","protected":false},"author":1,"featured_media":0,"parent":0,"menu_order":0,"comment_status":"closed","ping_status":"closed","template":"","meta":{"_monsterinsights_skip_tracking":false,"_monsterinsights_sitenote_active":false,"_monsterinsights_sitenote_note":"","_monsterinsights_sitenote_category":0},"aioseo_notices":[],"_links":{"self":[{"href":"https:\/\/katauskiai.lt\/index.php?rest_route=\/wp\/v2\/pages\/342"}],"collection":[{"href":"https:\/\/katauskiai.lt\/index.php?rest_route=\/wp\/v2\/pages"}],"about":[{"href":"https:\/\/katauskiai.lt\/index.php?rest_route=\/wp\/v2\/types\/page"}],"author":[{"embeddable":true,"href":"https:\/\/katauskiai.lt\/index.php?rest_route=\/wp\/v2\/users\/1"}],"replies":[{"embeddable":true,"href":"https:\/\/katauskiai.lt\/index.php?rest_route=%2Fwp%2Fv2%2Fcomments&post=342"}],"version-history":[{"count":4,"href":"https:\/\/katauskiai.lt\/index.php?rest_route=\/wp\/v2\/pages\/342\/revisions"}],"predecessor-version":[{"id":570,"href":"https:\/\/katauskiai.lt\/index.php?rest_route=\/wp\/v2\/pages\/342\/revisions\/570"}],"wp:attachment":[{"href":"https:\/\/katauskiai.lt\/index.php?rest_route=%2Fwp%2Fv2%2Fmedia&parent=342"}],"curies":[{"name":"wp","href":"https:\/\/api.w.org\/{rel}","templated":true}]}}