{"id":681,"date":"2020-08-30T11:54:40","date_gmt":"2020-08-30T08:54:40","guid":{"rendered":"http:\/\/katauskiai.lt\/?page_id=681"},"modified":"2020-08-30T11:56:49","modified_gmt":"2020-08-30T08:56:49","slug":"istorija-3","status":"publish","type":"page","link":"https:\/\/katauskiai.lt\/?page_id=681","title":{"rendered":"Istorija"},"content":{"rendered":"\n<p>\u201eNesenstanti ir ne\u012fveikiama, nugalinti laik\u0105, yra knyga. Ji \u2013 m\u016bs\u0173 gyvenimo pagrindas, dabartis ir ateitis\u201c. <em>Stefanas Cveigas<\/em><\/p>\n\n\n\n<p>Katauski\u0173 biblioteka buvo \u012fkurta 1971 metais buvusiame Korzuno dvaro pastate. Bibliotek\u0173 kolektorius Vilniuje skyr\u0117 pradin\u012f knyg\u0173 fond\u0105 \u2013 600 egz. knyg\u0173. Reik\u0117jo ne ma\u017eiau 100 egz., tod\u0117l kaimynin\u0117s \u0160iluvos, \u017daiginio,Pik\u010di\u016bn\u0173, Ramon\u0173, Piktai\u010di\u0173 bibliotekos i\u0161 savo fond\u0173 skyr\u0117 dal\u012f knyg\u0173, lentyn\u0173 ir stal\u0173. Dokument\u0173 fond\u0105 met\u0173 gale sudar\u0117 5190 egz. , u\u017eregistruoti 305 skaitytojai, i\u0161duota 5585 egz. dokument\u0173. \u012ek\u016brusi bibliotek\u0105 pirmoji bibliotekinink\u0117 Irena Putvinskait\u0117 i\u0161dirbo iki 1977 met\u0173.<\/p>\n\n\n\n<p>1977 metais lapkri\u010dio 1 d. , prie\u0161 tai lankiusi \u0161e\u0161i\u0173 m\u0117nesi\u0173 kursus pas \u0160iluvos bibliotekos ved\u0117j\u0105 Jon\u0105 Pi\u0161tik\u0105 ir i\u0161laikiusi egzaminus pas centrin\u0117s bibliotekos direktor\u0119 Gra\u017ein\u0105 Janonien\u0119 Katauski\u0173 bibliotekoje prad\u0117jo dirbti Ona Ceinorien\u0117. Tuo metu biblioteka buvo pati ma\u017eiausia rajone. Prad\u0117jus statyti tarybinio \u016bkio kontoros pastat\u0105, jame buvo numatytos patalpos kult\u016bros namams ir bibliotekai.<\/p>\n\n\n\n<p>1994 metais vasario m\u0117nes\u012f Katauski\u0173 bibliotekoje prad\u0117jo dirbti Kastyt\u0117 Masaityt\u0117. 2002 metais biblioteka k\u0117l\u0117si \u012f naujas patalpas Skaraiti\u0161k\u0117s mokykloje, o 1995 gegu\u017e\u0117s 24 d. Katauski\u0173 biblioteka i\u0161 \u0160iluvos seni\u016bnijos perduota \u012f Raseini\u0173 centralizuot\u0105 bibliotek\u0173 sistem\u0105.<\/p>\n\n\n\n<p>1996 metais prie Katauski\u0173 bibliotekos fondo prijungtas Skaraiti\u0161k\u0117s mokyklos fondas, ta\u010diau iki 2003 met\u0173 abiej\u0173 fond\u0173 apskaita buvo vykdoma atskirai. Skaitytojams buvo organizuojami nauj\u0173 knyg\u0173 pristatymai, parengti kra\u0161totyros darbai, literat\u016brin\u0117s parodos, viktorinos, garsinio skaitymo valand\u0117l\u0117s.<\/p>\n\n\n\n<p>Nuo 2008 met\u0173 sausio m\u0117n. Katauski\u0173 bibliotekoje, kuri buvo \u012fsik\u016brusi kult\u016bros nam\u0173 pastate prad\u0117jo dirbti Domicel\u0117 Enuksonien\u0117. 2009 metais bibliotekoje startavo projektas \u201eBibliotekos pa\u017eangai\u201c. \u0160io projekto d\u0117ka skirti 3 kompiuteriai: du \u2013 vartotojams ir vienas bibliotekininkei. Biblioteka kaupia ir saugo universal\u0173, bendruomen\u0117s poreikius tenkinant\u012f dokument\u0173 fond\u0105, teikia gyventojams informacijos ir vie\u0161osios interneto prieigos paslaugas, vykdo kra\u0161totyros, skaitymo skatinimo, informacinio ra\u0161tingumo veiklas, yra atviras ir prieinamas visiems vartotojams. Biblioteka toliau r\u016bpinasi teikiam\u0173 paslaug\u0173 vartotojams kokybe, skaitmeninio ra\u0161tingumo gerinimu ir socialin\u0117s atskirties ma\u017einimu, u\u017etikrina lygias teises ir galimybes ie\u0161koti ir gauti informacij\u0105, bendrauti ir dalyvauti kult\u016briniame gyvenime, susipa\u017einti su kra\u0161to istorija. Tikslu pritraukti bibliotekos lankytojus organizuojami netradiciniai renginiai, edukacin\u0117s veiklos, literat\u016brin\u0117s ir menini\u0173 fotografij\u0173 ir rankdarbi\u0173 parodos suaugusiems ir vaikams, kuriais siekiama skatinti dom\u0117tis literat\u016bra, lietuvi\u0173 ra\u0161ytoj\u0173 gyvenimu ir k\u016bryba, ugdomi tarpusavio bendravimo \u012fg\u016bd\u017eiai.<\/p>\n\n\n\n<p>Kad knyga ateit\u0173 \u012f kiekvieno m\u0117gstan\u010dio skaityti namus Katauski\u0173 filiale veikl\u0105 t\u0119sia Bogu\u0161i\u0161ki\u0173 (2009) kaime ir Lyduv\u0117n\u0173 miestelyje (2010) \u012fsteigtos nestacionarin\u0117s bibliotek\u0117l\u0117s.<\/p>\n\n\n\n<p>Bogu\u0161i\u0161ki\u0173 kaime nestacionari bibliotek\u0117l\u0117 \u012fsteigta \u016bkinink\u0173 Inijos ir Gintauto Ambroz\u0173 \u0161eimos namuose, Lyduv\u0117n\u0173 miestelyje \u2013 kaim\u0173 bendruomen\u0117s \u201eLyduv\u0117nai\u201c namuose. Ambroz\u0173 \u0161eima ir Lyduv\u0117n\u0173 miestelio bendruomen\u0117s pirminink\u0117 Janina Vileikien\u0117 aktyviai palaiko ir remia bibliotek\u0117l\u0117s veikl\u0105.<\/p>\n\n\n\n<p>Formuojant dokument\u0173 fond\u0105 per \u201eEkspresinformacij\u0105\u201c u\u017esakomi skaitytoj\u0173 poreikius atitinkantys leidiniai. Akivaizdi skaitymo priklausomyb\u0117 nuo am\u017eiaus grup\u0117s ir i\u0161silavinimo: daugiausiai skaito dirbantys, pensininkai ir turintys auk\u0161t\u0105j\u012f ar auk\u0161tesn\u012fj\u012f i\u0161silavinim\u0105.<\/p>\n\n\n\n<p>Gyvenviet\u0117je, kur n\u0117ra mokyklos, pa\u0161to, vaik\u0173 dar\u017eelio, med. punkto biblioteka i\u0161lieka pagrindiniu kult\u016bros, gyventoj\u0173 susitikimo ir bendravimo vieta. Bibliotekinink\u0117 ir aktyv\u016bs skaitytojai dalyvauja Katauski\u0173 kaimo bendruomen\u0117s veikloje, nenutr\u016bksta ry\u0161ys su Tytuv\u0117n\u0173 filialo vyresn. bibliotekininke Zita Deikute ir skaitytojais, bibliotekos veikl\u0105 geranori\u0161kai remia UAB \u201eRIVAKA\u201c direktorius V. Vasiliauskas. Bibliotek\u0105 nuolat puo\u0161ia tautodailinink\u0117s Inijos Ambrozien\u0117s, Editos La\u0161inien\u0117s, Vidos \u010cepien\u0117s, Jelenos \u017dalpien\u0117s ir kit\u0173 m\u0117gstan\u010di\u0173 rankdarbius moter\u0173 darbai. Bibliotekoje jaunimas ir suaug\u0119 skaitytojai praleid\u017eia laisvalaik\u012f, palaikomas ry\u0161ys su Raseini\u0173 policijos komisariato bendruomen\u0117s pareig\u016bnais Dariumi Jonai\u010diu ir Giedre Deveikiene.<\/p>\n\n\n\n<p>Renginiai bibliotekoje &#8211; neatsiejama veiklos dalis, jie suteikia vartotojams galimyb\u0119 gauti naujos informacijos, skatina bendruomen\u0117s k\u016brybi\u0161kum\u0105, moko kult\u016bringai leisti laisvalaik\u012f. Svarbiausia j\u0173 paskirtis &#8211; vienyti \u017emones ir skatinti bendruomeni\u0161kum\u0105. Susitikimai su ra\u0161ytojais, pa\u017eintin\u0117s i\u0161vykos populiarina bibliotekos \u012fvaizd\u012f, visuomen\u0117s po\u017ei\u016br\u012f \u012f bibliotek\u0105.<\/p>\n\n\n\n<p>Labiausiai pritraukiantys vaikus ir jaunim\u0105 renginiai &#8211; vasaros dienos stovyklos \u201eMano ma\u017eas didelis pasaulis\u201c, \u201eYpatinga naktis bibliotekoje\u201c ,kuri\u0173 metu vaikams organizuojamas turiningas laisvalaikio praleidimas, edukaciniai , dail\u0117s meno u\u017esi\u0117mimai.<\/p>\n\n\n\n<p>Nuo 2020 met\u0173 rugpj\u016b\u010dio m\u0117n. bibliotekoje prad\u0117jo dirbti Jelena \u017dalpien\u0117.<\/p>\n","protected":false},"excerpt":{"rendered":"<p>\u201eNesenstanti ir ne\u012fveikiama, nugalinti laik\u0105, yra knyga. Ji \u2013 m\u016bs\u0173 gyvenimo pagrindas, dabartis ir ateitis\u201c. Stefanas Cveigas Katauski\u0173 biblioteka buvo \u012fkurta 1971 metais buvusiame Korzuno dvaro pastate. Bibliotek\u0173 kolektorius Vilniuje skyr\u0117 pradin\u012f knyg\u0173 fond\u0105 \u2013 600 egz. knyg\u0173. Reik\u0117jo ne ma\u017eiau 100 egz., tod\u0117l kaimynin\u0117s \u0160iluvos, \u017daiginio,Pik\u010di\u016bn\u0173, Ramon\u0173, Piktai\u010di\u0173 bibliotekos i\u0161 savo fond\u0173 skyr\u0117 dal\u012f &hellip; <\/p>\n<p class=\"link-more\"><a href=\"https:\/\/katauskiai.lt\/?page_id=681\" class=\"more-link\">Toliau skaityti<span class=\"screen-reader-text\"> &#8222;Istorija&#8221;<\/span><\/a><\/p>\n","protected":false},"author":1,"featured_media":0,"parent":0,"menu_order":0,"comment_status":"closed","ping_status":"closed","template":"","meta":{"_monsterinsights_skip_tracking":false,"_monsterinsights_sitenote_active":false,"_monsterinsights_sitenote_note":"","_monsterinsights_sitenote_category":0},"aioseo_notices":[],"_links":{"self":[{"href":"https:\/\/katauskiai.lt\/index.php?rest_route=\/wp\/v2\/pages\/681"}],"collection":[{"href":"https:\/\/katauskiai.lt\/index.php?rest_route=\/wp\/v2\/pages"}],"about":[{"href":"https:\/\/katauskiai.lt\/index.php?rest_route=\/wp\/v2\/types\/page"}],"author":[{"embeddable":true,"href":"https:\/\/katauskiai.lt\/index.php?rest_route=\/wp\/v2\/users\/1"}],"replies":[{"embeddable":true,"href":"https:\/\/katauskiai.lt\/index.php?rest_route=%2Fwp%2Fv2%2Fcomments&post=681"}],"version-history":[{"count":3,"href":"https:\/\/katauskiai.lt\/index.php?rest_route=\/wp\/v2\/pages\/681\/revisions"}],"predecessor-version":[{"id":686,"href":"https:\/\/katauskiai.lt\/index.php?rest_route=\/wp\/v2\/pages\/681\/revisions\/686"}],"wp:attachment":[{"href":"https:\/\/katauskiai.lt\/index.php?rest_route=%2Fwp%2Fv2%2Fmedia&parent=681"}],"curies":[{"name":"wp","href":"https:\/\/api.w.org\/{rel}","templated":true}]}}