{"id":944,"date":"2021-05-29T00:23:16","date_gmt":"2021-05-28T21:23:16","guid":{"rendered":"https:\/\/katauskiai.lt\/?page_id=944"},"modified":"2021-05-29T00:23:16","modified_gmt":"2021-05-28T21:23:16","slug":"archyvas","status":"publish","type":"page","link":"https:\/\/katauskiai.lt\/?page_id=944","title":{"rendered":"Archyvas"},"content":{"rendered":"<ul class=\" wp-block-archives-list wp-block-archives\">\t<li><a href='https:\/\/katauskiai.lt\/?m=202307'>2023 m. liepos m\u0117n.<\/a><\/li>\n\t<li><a href='https:\/\/katauskiai.lt\/?m=202305'>2023 m. gegu\u017e\u0117s m\u0117n.<\/a><\/li>\n\t<li><a href='https:\/\/katauskiai.lt\/?m=202207'>2022 m. liepos m\u0117n.<\/a><\/li>\n\t<li><a href='https:\/\/katauskiai.lt\/?m=202206'>2022 m. bir\u017eelio m\u0117n.<\/a><\/li>\n\t<li><a href='https:\/\/katauskiai.lt\/?m=202205'>2022 m. gegu\u017e\u0117s m\u0117n.<\/a><\/li>\n\t<li><a href='https:\/\/katauskiai.lt\/?m=202204'>2022 m. baland\u017eio m\u0117n.<\/a><\/li>\n\t<li><a href='https:\/\/katauskiai.lt\/?m=202203'>2022 m. kovo m\u0117n.<\/a><\/li>\n\t<li><a href='https:\/\/katauskiai.lt\/?m=202201'>2022 m. sausio m\u0117n.<\/a><\/li>\n\t<li><a href='https:\/\/katauskiai.lt\/?m=202112'>2021 m. gruod\u017eio m\u0117n.<\/a><\/li>\n\t<li><a href='https:\/\/katauskiai.lt\/?m=202108'>2021 m. rugpj\u016b\u010dio m\u0117n.<\/a><\/li>\n\t<li><a href='https:\/\/katauskiai.lt\/?m=202107'>2021 m. liepos m\u0117n.<\/a><\/li>\n\t<li><a href='https:\/\/katauskiai.lt\/?m=202106'>2021 m. bir\u017eelio m\u0117n.<\/a><\/li>\n\t<li><a href='https:\/\/katauskiai.lt\/?m=202105'>2021 m. gegu\u017e\u0117s m\u0117n.<\/a><\/li>\n\t<li><a href='https:\/\/katauskiai.lt\/?m=202103'>2021 m. kovo m\u0117n.<\/a><\/li>\n\t<li><a href='https:\/\/katauskiai.lt\/?m=202102'>2021 m. vasario m\u0117n.<\/a><\/li>\n\t<li><a href='https:\/\/katauskiai.lt\/?m=202101'>2021 m. sausio m\u0117n.<\/a><\/li>\n\t<li><a href='https:\/\/katauskiai.lt\/?m=202010'>2020 m. spalio m\u0117n.<\/a><\/li>\n\t<li><a href='https:\/\/katauskiai.lt\/?m=202008'>2020 m. rugpj\u016b\u010dio m\u0117n.<\/a><\/li>\n\t<li><a href='https:\/\/katauskiai.lt\/?m=202007'>2020 m. liepos m\u0117n.<\/a><\/li>\n<\/ul>","protected":false},"excerpt":{"rendered":"","protected":false},"author":1,"featured_media":0,"parent":0,"menu_order":0,"comment_status":"closed","ping_status":"closed","template":"","meta":{"_monsterinsights_skip_tracking":false,"_monsterinsights_sitenote_active":false,"_monsterinsights_sitenote_note":"","_monsterinsights_sitenote_category":0},"aioseo_notices":[],"_links":{"self":[{"href":"https:\/\/katauskiai.lt\/index.php?rest_route=\/wp\/v2\/pages\/944"}],"collection":[{"href":"https:\/\/katauskiai.lt\/index.php?rest_route=\/wp\/v2\/pages"}],"about":[{"href":"https:\/\/katauskiai.lt\/index.php?rest_route=\/wp\/v2\/types\/page"}],"author":[{"embeddable":true,"href":"https:\/\/katauskiai.lt\/index.php?rest_route=\/wp\/v2\/users\/1"}],"replies":[{"embeddable":true,"href":"https:\/\/katauskiai.lt\/index.php?rest_route=%2Fwp%2Fv2%2Fcomments&post=944"}],"version-history":[{"count":1,"href":"https:\/\/katauskiai.lt\/index.php?rest_route=\/wp\/v2\/pages\/944\/revisions"}],"predecessor-version":[{"id":945,"href":"https:\/\/katauskiai.lt\/index.php?rest_route=\/wp\/v2\/pages\/944\/revisions\/945"}],"wp:attachment":[{"href":"https:\/\/katauskiai.lt\/index.php?rest_route=%2Fwp%2Fv2%2Fmedia&parent=944"}],"curies":[{"name":"wp","href":"https:\/\/api.w.org\/{rel}","templated":true}]}}